{"id":258,"date":"2018-02-20T17:45:30","date_gmt":"2018-02-20T16:45:30","guid":{"rendered":"http:\/\/listaprzetargow.pl\/blog\/?page_id=258"},"modified":"2018-02-20T17:45:30","modified_gmt":"2018-02-20T16:45:30","slug":"ograniczenie-odpowiedzialnosci","status":"publish","type":"page","link":"https:\/\/listaprzetargow.pl\/blog\/ograniczenie-odpowiedzialnosci\/","title":{"rendered":"Ograniczenie odpowiedzialno\u015bci"},"content":{"rendered":"<p>Artyku\u0142y oraz pozosta\u0142a tre\u015b\u0107 umieszczona w serwisie <a href=\"http:\/\/listaprzetargow.pl\/\" target=\"_blank\" rel=\"noopener\">http:\/\/listaprzetargow.pl\/<\/a> maj\u0105 <strong>charakter edukacyjny i nie stanowi\u0105 porady prawnej ani opinii prawnej, tudzie\u017c wyk\u0142adni prawa<\/strong>.<\/p>\n<p>Udost\u0119pniane materia\u0142y odzwierciedlaj\u0105 jedynie indywidualne pogl\u0105dy autor\u00f3w na okre\u015blone zagadnienia prawne i nie mog\u0105 stanowi\u0107 podstawy jakiejkolwiek ich odpowiedzialno\u015bci w stosunku do os\u00f3b trzecich.<\/p>\n<p>Autorzy serwisu nie odpowiadaj\u0105 za szkod\u0119 wyrz\u0105dzon\u0105 zastosowaniem lub brakiem zastosowania si\u0119 do tre\u015bci opublikowanych w serwisie. Nie ponosz\u0105 te\u017c \u017cadnej odpowiedzialno\u015bci za rezultaty dzia\u0142a\u0144 podj\u0119tych w oparciu o zamieszczone na stronie informacje, ani te\u017c za ewentualne braki, nie\u015bcis\u0142o\u015bci lub pomy\u0142ki w zamieszczonych materia\u0142ach.<\/p>\n<p>Artyku\u0142y s\u0105 dost\u0119pne nieodp\u0142atnie, a ich zamieszczenie ma jedynie cel informacyjny.<\/p>\n<p><strong>Czytelnik wykorzystuje opublikowane informacje na w\u0142asn\u0105 odpowiedzialno\u015b\u0107, dla w\u0142asnych potrzeb<\/strong>. Ich kopiowanie, zwielokrotnianie, rozpowszechnianie lub inne podobne wykorzystywanie, zw\u0142aszcza w celach komercyjnych, wymaga zgody autora.<\/p>\n<p>Autorzy serwisu nie ponosz\u0105 odpowiedzialno\u015bci za komentarze os\u00f3b trzecich w jakimkolwiek zakresie.<\/p>\n","protected":false},"excerpt":{"rendered":"<p>Artyku\u0142y oraz pozosta\u0142a tre\u015b\u0107 umieszczona w serwisie http:\/\/listaprzetargow.pl\/ maj\u0105 charakter edukacyjny i nie stanowi\u0105 porady prawnej ani opinii prawnej, tudzie\u017c wyk\u0142adni prawa. Udost\u0119pniane materia\u0142y odzwierciedlaj\u0105 jedynie indywidualne pogl\u0105dy autor\u00f3w na okre\u015blone zagadnienia prawne i nie mog\u0105 stanowi\u0107 podstawy jakiejkolwiek ich odpowiedzialno\u015bci w stosunku do os\u00f3b trzecich. Autorzy serwisu nie odpowiadaj\u0105 za szkod\u0119 wyrz\u0105dzon\u0105 zastosowaniem lub<\/p>\n","protected":false},"author":3,"featured_media":0,"parent":0,"menu_order":0,"comment_status":"closed","ping_status":"closed","template":"","meta":{"footnotes":""},"class_list":["post-258","page","type-page","status-publish"],"aioseo_notices":[],"_links":{"self":[{"href":"https:\/\/listaprzetargow.pl\/blog\/wp-json\/wp\/v2\/pages\/258","targetHints":{"allow":["GET"]}}],"collection":[{"href":"https:\/\/listaprzetargow.pl\/blog\/wp-json\/wp\/v2\/pages"}],"about":[{"href":"https:\/\/listaprzetargow.pl\/blog\/wp-json\/wp\/v2\/types\/page"}],"author":[{"embeddable":true,"href":"https:\/\/listaprzetargow.pl\/blog\/wp-json\/wp\/v2\/users\/3"}],"replies":[{"embeddable":true,"href":"https:\/\/listaprzetargow.pl\/blog\/wp-json\/wp\/v2\/comments?post=258"}],"version-history":[{"count":1,"href":"https:\/\/listaprzetargow.pl\/blog\/wp-json\/wp\/v2\/pages\/258\/revisions"}],"predecessor-version":[{"id":259,"href":"https:\/\/listaprzetargow.pl\/blog\/wp-json\/wp\/v2\/pages\/258\/revisions\/259"}],"wp:attachment":[{"href":"https:\/\/listaprzetargow.pl\/blog\/wp-json\/wp\/v2\/media?parent=258"}],"curies":[{"name":"wp","href":"https:\/\/api.w.org\/{rel}","templated":true}]}}